{"id":214,"date":"2018-01-28T21:44:28","date_gmt":"2018-01-28T21:44:28","guid":{"rendered":"http:\/\/menzl-hirmer.gefluegel-pfreimd.de\/?page_id=214"},"modified":"2026-04-11T08:19:24","modified_gmt":"2026-04-11T08:19:24","slug":"kontakt","status":"publish","type":"page","link":"https:\/\/menzl-hirmer.gefluegel-pfreimd.de\/?page_id=214","title":{"rendered":"Kontakt"},"content":{"rendered":"<header class=\"entry-header\">\n<p class=\"entry-title\"><strong style=\"font-size: 1rem;\">Monika Menzl-Hirmer<br \/><\/strong>Tierwirtschaftsmeisterin<br \/><strong style=\"font-size: 1rem;\"><br \/><\/strong><span style=\"color: #ff6600;\"><strong style=\"font-size: 1rem;\">Tiere bitte bis Dienstags jede Woche vor 17.00 Uhr vorbestellen. Herzlichen Dank<\/strong><\/span><\/p>\n<p><span style=\"color: #ff0000;\">&#8222;Neu&#8220; &#8212;-<span style=\"color: #008000;\"><span style=\"color: #0000ff;\">ge\u00f6ffneten Verkaufsfl\u00e4che<span style=\"color: #ff0000;\">&#8212;-<\/span><\/span><\/span><\/span><br \/><strong>Wir bieten &#8222;au\u00dferhalb der regul\u00e4ren \u00d6ffnungszeiten und Urlaubs\u00f6ffnungszeiten folgenden M\u00f6glichkeit an. <\/strong><strong>Eier, Nudeln, Futtermittel und mehr!\u00a0<br \/><span style=\"color: #008000;\"><span style=\"color: #0000ff;\">Unsere Produkte k\u00f6nnen auf einer extra ge\u00f6ffneten Verkaufsfl\u00e4che mit<\/span> <span style=\"color: #ff0000;\">&#8222;Selbstbedienung\u00a0 und mit Vertrauen&#8220;<\/span> <span style=\"color: #0000ff;\">bezahlt werden, v<\/span><\/span><\/strong><span style=\"color: #0000ff;\"><strong>on Mo. &#8211; Sa. 08.00 &#8211; 20.00 Uhr.\u00a0<\/strong><\/span><\/p>\n<p><strong style=\"font-size: 1rem;\"><br \/>\u00d6ffnungszeiten:<br \/><\/strong><\/p>\n<p><strong>Hofladen und Verkaufsstodl<br \/><\/strong> <span style=\"color: #008000;\"><strong>Selbstbedienung<\/strong><\/span><br \/>Montag &#8211; Samstag<br \/>8.00 &#8211; 20.00 Uhr<\/p>\n<p><strong>Hofladen, Fachmarkt und Verkaufsstodl ge\u00f6ffnet <\/strong><br \/><strong>mit <span style=\"color: #008000;\">Service (Bedienung)<\/span><\/strong><br \/>Mo, Di, Do, Fr <br \/>09.00 &#8211; 12.00 Uhr<br \/>14.00 &#8211; 17.00 Uhr<\/p>\n<p><strong>-Donnerstag,<span style=\"color: #008000;\"> Tierverkauf nach Vereinbarung<\/span><\/strong><\/p>\n<p><span style=\"font-size: 1rem;\">Bahnhofstra\u00dfe 15<br \/><\/span><span style=\"font-size: 1rem;\">92536 Pfreimd<br \/><\/span><span style=\"font-size: 1rem;\">pfreimd@menzl-hirmer-gefluegel.de<br \/><\/span><span style=\"font-size: 1rem;\">Tel. 09606 243<br \/><\/span><span style=\"font-size: 1rem;\">Fax: 09606 914502<\/span><\/p>\n<\/header>\n\n\n<p><\/p>\n","protected":false},"excerpt":{"rendered":"<p>Monika Menzl-HirmerTierwirtschaftsmeisterinTiere bitte bis Dienstags jede Woche vor 17.00 Uhr vorbestellen. Herzlichen Dank &#8222;Neu&#8220; &#8212;-ge\u00f6ffneten Verkaufsfl\u00e4che&#8212;-Wir bieten &#8222;au\u00dferhalb der regul\u00e4ren \u00d6ffnungszeiten und Urlaubs\u00f6ffnungszeiten folgenden M\u00f6glichkeit an. Eier, Nudeln, Futtermittel und mehr!\u00a0Unsere Produkte k\u00f6nnen auf einer extra ge\u00f6ffneten Verkaufsfl\u00e4che mit &#8222;Selbstbedienung\u00a0 und mit Vertrauen&#8220; bezahlt werden, von Mo. &#8211; Sa. 08.00 &#8211; 20.00 Uhr.\u00a0 \u00d6ffnungszeiten: Hofladen &hellip; <\/p>\n<p class=\"link-more\"><a href=\"https:\/\/menzl-hirmer.gefluegel-pfreimd.de\/?page_id=214\" class=\"more-link\"><span class=\"screen-reader-text\">\u201eKontakt\u201c<\/span> weiterlesen<\/a><\/p>\n","protected":false},"author":1,"featured_media":221,"parent":0,"menu_order":0,"comment_status":"closed","ping_status":"closed","template":"","meta":{"footnotes":""},"yoast_head":"<!-- This site is optimized with the Yoast SEO plugin v24.5 - https:\/\/yoast.com\/wordpress\/plugins\/seo\/ -->\n<title>Kontakt - Gefl\u00fcgelzucht Monika Menzl-Hirmer<\/title>\n<meta name=\"description\" content=\"Gefl\u00fcgelzucht Monika Menzl-Hirmer\" \/>\n<meta name=\"robots\" content=\"index, follow, max-snippet:-1, max-image-preview:large, max-video-preview:-1\" \/>\n<link rel=\"canonical\" href=\"https:\/\/menzl-hirmer.gefluegel-pfreimd.de\/?page_id=214\" \/>\n<meta property=\"og:locale\" content=\"de_DE\" \/>\n<meta property=\"og:type\" content=\"article\" \/>\n<meta property=\"og:title\" content=\"Kontakt - Gefl\u00fcgelzucht Monika Menzl-Hirmer\" \/>\n<meta property=\"og:description\" content=\"Gefl\u00fcgelzucht Monika Menzl-Hirmer\" \/>\n<meta property=\"og:url\" content=\"https:\/\/menzl-hirmer.gefluegel-pfreimd.de\/?page_id=214\" \/>\n<meta property=\"og:site_name\" content=\"Gefl\u00fcgelzucht Monika Menzl-Hirmer\" \/>\n<meta property=\"article:modified_time\" content=\"2026-04-11T08:19:24+00:00\" \/>\n<meta property=\"og:image\" content=\"https:\/\/menzl-hirmer.gefluegel-pfreimd.de\/wp-content\/uploads\/2018\/01\/anfahrt-gefl\u00fcgelzucht.jpg\" \/>\n\t<meta property=\"og:image:width\" content=\"613\" \/>\n\t<meta property=\"og:image:height\" content=\"480\" \/>\n\t<meta property=\"og:image:type\" content=\"image\/jpeg\" \/>\n<meta name=\"twitter:card\" content=\"summary_large_image\" \/>\n<meta name=\"twitter:label1\" content=\"Gesch\u00e4tzte Lesezeit\" \/>\n\t<meta name=\"twitter:data1\" content=\"1\u00a0Minute\" \/>\n<script type=\"application\/ld+json\" class=\"yoast-schema-graph\">{\"@context\":\"https:\/\/schema.org\",\"@graph\":[{\"@type\":\"WebPage\",\"@id\":\"https:\/\/menzl-hirmer.gefluegel-pfreimd.de\/?page_id=214\",\"url\":\"https:\/\/menzl-hirmer.gefluegel-pfreimd.de\/?page_id=214\",\"name\":\"Kontakt - Gefl\u00fcgelzucht Monika Menzl-Hirmer\",\"isPartOf\":{\"@id\":\"https:\/\/menzl-hirmer.gefluegel-pfreimd.de\/#website\"},\"primaryImageOfPage\":{\"@id\":\"https:\/\/menzl-hirmer.gefluegel-pfreimd.de\/?page_id=214#primaryimage\"},\"image\":{\"@id\":\"https:\/\/menzl-hirmer.gefluegel-pfreimd.de\/?page_id=214#primaryimage\"},\"thumbnailUrl\":\"https:\/\/menzl-hirmer.gefluegel-pfreimd.de\/wp-content\/uploads\/2018\/01\/anfahrt-gefl\u00fcgelzucht.jpg\",\"datePublished\":\"2018-01-28T21:44:28+00:00\",\"dateModified\":\"2026-04-11T08:19:24+00:00\",\"description\":\"Gefl\u00fcgelzucht Monika Menzl-Hirmer\",\"breadcrumb\":{\"@id\":\"https:\/\/menzl-hirmer.gefluegel-pfreimd.de\/?page_id=214#breadcrumb\"},\"inLanguage\":\"de\",\"potentialAction\":[{\"@type\":\"ReadAction\",\"target\":[\"https:\/\/menzl-hirmer.gefluegel-pfreimd.de\/?page_id=214\"]}]},{\"@type\":\"ImageObject\",\"inLanguage\":\"de\",\"@id\":\"https:\/\/menzl-hirmer.gefluegel-pfreimd.de\/?page_id=214#primaryimage\",\"url\":\"https:\/\/menzl-hirmer.gefluegel-pfreimd.de\/wp-content\/uploads\/2018\/01\/anfahrt-gefl\u00fcgelzucht.jpg\",\"contentUrl\":\"https:\/\/menzl-hirmer.gefluegel-pfreimd.de\/wp-content\/uploads\/2018\/01\/anfahrt-gefl\u00fcgelzucht.jpg\",\"width\":613,\"height\":480},{\"@type\":\"BreadcrumbList\",\"@id\":\"https:\/\/menzl-hirmer.gefluegel-pfreimd.de\/?page_id=214#breadcrumb\",\"itemListElement\":[{\"@type\":\"ListItem\",\"position\":1,\"name\":\"Startseite\",\"item\":\"https:\/\/menzl-hirmer.gefluegel-pfreimd.de\/\"},{\"@type\":\"ListItem\",\"position\":2,\"name\":\"Kontakt\"}]},{\"@type\":\"WebSite\",\"@id\":\"https:\/\/menzl-hirmer.gefluegel-pfreimd.de\/#website\",\"url\":\"https:\/\/menzl-hirmer.gefluegel-pfreimd.de\/\",\"name\":\"Gefl\u00fcgelzucht Monika Menzl-Hirmer\",\"description\":\"Tierwirtschaftsmeisterin\",\"publisher\":{\"@id\":\"https:\/\/menzl-hirmer.gefluegel-pfreimd.de\/#organization\"},\"potentialAction\":[{\"@type\":\"SearchAction\",\"target\":{\"@type\":\"EntryPoint\",\"urlTemplate\":\"https:\/\/menzl-hirmer.gefluegel-pfreimd.de\/?s={search_term_string}\"},\"query-input\":{\"@type\":\"PropertyValueSpecification\",\"valueRequired\":true,\"valueName\":\"search_term_string\"}}],\"inLanguage\":\"de\"},{\"@type\":\"Organization\",\"@id\":\"https:\/\/menzl-hirmer.gefluegel-pfreimd.de\/#organization\",\"name\":\"Gefl\u00fcgelzucht Monika Menzl-Hirmer\",\"alternateName\":\"Gefl\u00fcgelzucht, Schmuckesachen\",\"url\":\"https:\/\/menzl-hirmer.gefluegel-pfreimd.de\/\",\"logo\":{\"@type\":\"ImageObject\",\"inLanguage\":\"de\",\"@id\":\"https:\/\/menzl-hirmer.gefluegel-pfreimd.de\/#\/schema\/logo\/image\/\",\"url\":\"https:\/\/menzl-hirmer.gefluegel-pfreimd.de\/wp-content\/uploads\/2018\/01\/cropped-gefluegel-logo.png\",\"contentUrl\":\"https:\/\/menzl-hirmer.gefluegel-pfreimd.de\/wp-content\/uploads\/2018\/01\/cropped-gefluegel-logo.png\",\"width\":380,\"height\":250,\"caption\":\"Gefl\u00fcgelzucht Monika Menzl-Hirmer\"},\"image\":{\"@id\":\"https:\/\/menzl-hirmer.gefluegel-pfreimd.de\/#\/schema\/logo\/image\/\"},\"sameAs\":[\"https:\/\/wa.me\/message\/7RYL4KQKLYYEN1\"]}]}<\/script>\n<!-- \/ Yoast SEO plugin. -->","yoast_head_json":{"title":"Kontakt - Gefl\u00fcgelzucht Monika Menzl-Hirmer","description":"Gefl\u00fcgelzucht Monika Menzl-Hirmer","robots":{"index":"index","follow":"follow","max-snippet":"max-snippet:-1","max-image-preview":"max-image-preview:large","max-video-preview":"max-video-preview:-1"},"canonical":"https:\/\/menzl-hirmer.gefluegel-pfreimd.de\/?page_id=214","og_locale":"de_DE","og_type":"article","og_title":"Kontakt - Gefl\u00fcgelzucht Monika Menzl-Hirmer","og_description":"Gefl\u00fcgelzucht Monika Menzl-Hirmer","og_url":"https:\/\/menzl-hirmer.gefluegel-pfreimd.de\/?page_id=214","og_site_name":"Gefl\u00fcgelzucht Monika Menzl-Hirmer","article_modified_time":"2026-04-11T08:19:24+00:00","og_image":[{"width":613,"height":480,"url":"https:\/\/menzl-hirmer.gefluegel-pfreimd.de\/wp-content\/uploads\/2018\/01\/anfahrt-gefl\u00fcgelzucht.jpg","type":"image\/jpeg"}],"twitter_card":"summary_large_image","twitter_misc":{"Gesch\u00e4tzte Lesezeit":"1\u00a0Minute"},"schema":{"@context":"https:\/\/schema.org","@graph":[{"@type":"WebPage","@id":"https:\/\/menzl-hirmer.gefluegel-pfreimd.de\/?page_id=214","url":"https:\/\/menzl-hirmer.gefluegel-pfreimd.de\/?page_id=214","name":"Kontakt - Gefl\u00fcgelzucht Monika Menzl-Hirmer","isPartOf":{"@id":"https:\/\/menzl-hirmer.gefluegel-pfreimd.de\/#website"},"primaryImageOfPage":{"@id":"https:\/\/menzl-hirmer.gefluegel-pfreimd.de\/?page_id=214#primaryimage"},"image":{"@id":"https:\/\/menzl-hirmer.gefluegel-pfreimd.de\/?page_id=214#primaryimage"},"thumbnailUrl":"https:\/\/menzl-hirmer.gefluegel-pfreimd.de\/wp-content\/uploads\/2018\/01\/anfahrt-gefl\u00fcgelzucht.jpg","datePublished":"2018-01-28T21:44:28+00:00","dateModified":"2026-04-11T08:19:24+00:00","description":"Gefl\u00fcgelzucht Monika Menzl-Hirmer","breadcrumb":{"@id":"https:\/\/menzl-hirmer.gefluegel-pfreimd.de\/?page_id=214#breadcrumb"},"inLanguage":"de","potentialAction":[{"@type":"ReadAction","target":["https:\/\/menzl-hirmer.gefluegel-pfreimd.de\/?page_id=214"]}]},{"@type":"ImageObject","inLanguage":"de","@id":"https:\/\/menzl-hirmer.gefluegel-pfreimd.de\/?page_id=214#primaryimage","url":"https:\/\/menzl-hirmer.gefluegel-pfreimd.de\/wp-content\/uploads\/2018\/01\/anfahrt-gefl\u00fcgelzucht.jpg","contentUrl":"https:\/\/menzl-hirmer.gefluegel-pfreimd.de\/wp-content\/uploads\/2018\/01\/anfahrt-gefl\u00fcgelzucht.jpg","width":613,"height":480},{"@type":"BreadcrumbList","@id":"https:\/\/menzl-hirmer.gefluegel-pfreimd.de\/?page_id=214#breadcrumb","itemListElement":[{"@type":"ListItem","position":1,"name":"Startseite","item":"https:\/\/menzl-hirmer.gefluegel-pfreimd.de\/"},{"@type":"ListItem","position":2,"name":"Kontakt"}]},{"@type":"WebSite","@id":"https:\/\/menzl-hirmer.gefluegel-pfreimd.de\/#website","url":"https:\/\/menzl-hirmer.gefluegel-pfreimd.de\/","name":"Gefl\u00fcgelzucht Monika Menzl-Hirmer","description":"Tierwirtschaftsmeisterin","publisher":{"@id":"https:\/\/menzl-hirmer.gefluegel-pfreimd.de\/#organization"},"potentialAction":[{"@type":"SearchAction","target":{"@type":"EntryPoint","urlTemplate":"https:\/\/menzl-hirmer.gefluegel-pfreimd.de\/?s={search_term_string}"},"query-input":{"@type":"PropertyValueSpecification","valueRequired":true,"valueName":"search_term_string"}}],"inLanguage":"de"},{"@type":"Organization","@id":"https:\/\/menzl-hirmer.gefluegel-pfreimd.de\/#organization","name":"Gefl\u00fcgelzucht Monika Menzl-Hirmer","alternateName":"Gefl\u00fcgelzucht, Schmuckesachen","url":"https:\/\/menzl-hirmer.gefluegel-pfreimd.de\/","logo":{"@type":"ImageObject","inLanguage":"de","@id":"https:\/\/menzl-hirmer.gefluegel-pfreimd.de\/#\/schema\/logo\/image\/","url":"https:\/\/menzl-hirmer.gefluegel-pfreimd.de\/wp-content\/uploads\/2018\/01\/cropped-gefluegel-logo.png","contentUrl":"https:\/\/menzl-hirmer.gefluegel-pfreimd.de\/wp-content\/uploads\/2018\/01\/cropped-gefluegel-logo.png","width":380,"height":250,"caption":"Gefl\u00fcgelzucht Monika Menzl-Hirmer"},"image":{"@id":"https:\/\/menzl-hirmer.gefluegel-pfreimd.de\/#\/schema\/logo\/image\/"},"sameAs":["https:\/\/wa.me\/message\/7RYL4KQKLYYEN1"]}]}},"_links":{"self":[{"href":"https:\/\/menzl-hirmer.gefluegel-pfreimd.de\/index.php?rest_route=\/wp\/v2\/pages\/214"}],"collection":[{"href":"https:\/\/menzl-hirmer.gefluegel-pfreimd.de\/index.php?rest_route=\/wp\/v2\/pages"}],"about":[{"href":"https:\/\/menzl-hirmer.gefluegel-pfreimd.de\/index.php?rest_route=\/wp\/v2\/types\/page"}],"author":[{"embeddable":true,"href":"https:\/\/menzl-hirmer.gefluegel-pfreimd.de\/index.php?rest_route=\/wp\/v2\/users\/1"}],"replies":[{"embeddable":true,"href":"https:\/\/menzl-hirmer.gefluegel-pfreimd.de\/index.php?rest_route=%2Fwp%2Fv2%2Fcomments&post=214"}],"version-history":[{"count":42,"href":"https:\/\/menzl-hirmer.gefluegel-pfreimd.de\/index.php?rest_route=\/wp\/v2\/pages\/214\/revisions"}],"predecessor-version":[{"id":392,"href":"https:\/\/menzl-hirmer.gefluegel-pfreimd.de\/index.php?rest_route=\/wp\/v2\/pages\/214\/revisions\/392"}],"wp:featuredmedia":[{"embeddable":true,"href":"https:\/\/menzl-hirmer.gefluegel-pfreimd.de\/index.php?rest_route=\/wp\/v2\/media\/221"}],"wp:attachment":[{"href":"https:\/\/menzl-hirmer.gefluegel-pfreimd.de\/index.php?rest_route=%2Fwp%2Fv2%2Fmedia&parent=214"}],"curies":[{"name":"wp","href":"https:\/\/api.w.org\/{rel}","templated":true}]}}