{"id":197,"date":"2018-01-28T20:49:15","date_gmt":"2018-01-28T20:49:15","guid":{"rendered":"http:\/\/menzl-hirmer.gefluegel-pfreimd.de\/?page_id=197"},"modified":"2026-04-12T19:37:01","modified_gmt":"2026-04-12T19:37:01","slug":"herzlich-willkommen-gefluegelzucht-menzl-hirmer","status":"publish","type":"page","link":"https:\/\/menzl-hirmer.gefluegel-pfreimd.de\/","title":{"rendered":"Herzlich Willkommen im Meisterbetrieb mit Herz und Verstand seit 1955"},"content":{"rendered":"<h2 id=\"Layer9\"><span style=\"font-size: inherit; color: #333333;\">Wir freuen uns, dass Sie uns gefunden haben und begleiten Sie sehr gerne bei einer erfolgreichen Gefl\u00fcgelaufzucht, -mast und Legehennenhaltung. \u00a0Bei uns bekommen Sie Gefl\u00fcgel aus einem famili\u00e4r gef\u00fchrten Aufzuchtbetrieb mit Liebe zum Tier, Herz und Sachverstand.<\/span><\/h2>\n<div id=\"Layer11\">\n<p>F\u00fcr Infos, Beratungen rund um unser Gefl\u00fcgelsortiment, Futtermittel und Zubeh\u00f6r rufen Sie uns bitte w\u00e4hrend der\u00a0 &#8222;Service &#8211; Gesch\u00e4ftszeiten&#8220; (Mo, Di, Do, Fr je von 9 &#8211; 12 und 14 &#8211; 17 Uhr) unter <strong>Tel. 09606 243<\/strong> an. Sie k\u00f6nnen uns gerne auch eine Nachricht oder eine Sprachnachricht per <strong>WhatsApp 09606 914503<\/strong> zukommen lassen.<\/p>\n<p><strong style=\"font-size: 1rem;\"><span style=\"color: #ff6600;\">Der Tierverkauf ist im Normalfall am Donnerstag, bitte bis sp\u00e4testens Dienstags vor 17.00 Uhr bestellen per Tel. 09606 243 oder WhatsApp 09606 914503.\u00a0<\/span><\/strong><\/p>\n<p><strong><span style=\"color: #ff6600;\">\u201eNeu\u201c<\/span> <span style=\"color: #0000ff;\">\u2014- zwei ge\u00f6ffnete Verkaufsfl\u00e4chen mit Selbstbedienung\u2014-<\/span><\/strong><br \/>\n<strong>Wir bieten \u201eau\u00dferhalb der regul\u00e4ren \u00d6ffnungszeiten und im Urlaub&#8220; im Hofladen (<\/strong><strong>Eier, Nudeln, Feinkost usw.) sowie im Verkaufsstodl (Futtermittel, Einstreu etc.)<br \/>\n<span style=\"color: #0000ff;\">\u201eSelbstbedienung mit Vertrauen\u201c<\/span> an, werktags <\/strong><strong><span style=\"color: #0000ff;\"><em>Mo. \u2013 Sa. 08.00 \u2013 20.00 Uhr.\u00a0<span style=\"color: #333333;\">Es gibt eine Kasse f\u00fcr Barzahlung (mit Wechselgeld), auch Paypal ist m\u00f6glich.<\/span><\/em><\/span><\/strong><\/p>\n<p><strong style=\"font-size: 1rem;\">\u00d6ffnungszeiten:<br \/>\n<\/strong><\/p>\n<p><strong>Hofladen und Verkaufsstodl<br \/>\n<\/strong> <span style=\"color: #008000;\"><strong>Selbstbedienung<\/strong><\/span><br \/>\nMontag &#8211; Samstag<br \/>\n8.00 &#8211; 20.00 Uhr (Do bei Tierverkauf ist der Verkaufsstodl teilweise erst\u00a0 ab 8.30 Uhr offen)<\/p>\n<p><strong>Hofladen, Fachmarkt und Verkaufsstodl ge\u00f6ffnet <\/strong><br \/>\n<span style=\"color: #008000;\"><strong>mit Service (Bedienung)<\/strong><\/span><br \/>\nMo, Di, Do, Fr<br \/>\n09.00 &#8211; 12.00 Uhr<br \/>\n14.00 &#8211; 17.00 Uhr<\/p>\n<p><strong>-Donnerstag, <span style=\"color: #008000;\">Tierverkauf nach Vereinbarung<\/span><\/strong><\/p>\n<p><strong>Monika Menzl-Hirmer<\/strong><br \/>\nTierwirtschaftsmeisterin<br \/>\nGefl\u00fcgelhaltung<br \/>\nTel. 09606 243<br \/>\nWhatsApp 09606 914503<br \/>\nFax: 09606 914502<br \/>\npfreimd@menzl-hirmer-gefluegel.de (bitte nur f\u00fcr allgemeine Fragen, nicht f\u00fcr Bestellungen)<\/p>\n<p class=\"Menue_topkleiner\"><span style=\"font-family: Arial, Helvetica, sans-serif;\"><strong><span style=\"color: #000066;\">-Qualit\u00e4t<br \/>\n<\/span><\/strong><\/span><span style=\"color: #000066;\"><strong><span style=\"font-family: Arial, Helvetica, sans-serif;\">-Beratung<br \/>\n<\/span><\/strong><\/span><span style=\"color: #000066;\"><strong><span style=\"font-family: Arial, Helvetica, sans-serif;\">-Fachkompetenz<br \/>\n<\/span><\/strong><\/span><span class=\"Menue_topkleiner\"><strong><span style=\"color: #000066; font-family: Arial, Helvetica, sans-serif;\">-vern\u00fcnftige Preise<\/span><\/strong><\/span><\/p>\n<\/div>\n","protected":false},"excerpt":{"rendered":"<p>Wir freuen uns, dass Sie uns gefunden haben und begleiten Sie sehr gerne bei einer erfolgreichen Gefl\u00fcgelaufzucht, -mast und Legehennenhaltung. \u00a0Bei uns bekommen Sie Gefl\u00fcgel aus einem famili\u00e4r gef\u00fchrten Aufzuchtbetrieb mit Liebe zum Tier, Herz und Sachverstand. F\u00fcr Infos, Beratungen rund um unser Gefl\u00fcgelsortiment, Futtermittel und Zubeh\u00f6r rufen Sie uns bitte w\u00e4hrend der\u00a0 &#8222;Service &#8211; &hellip; <\/p>\n<p class=\"link-more\"><a href=\"https:\/\/menzl-hirmer.gefluegel-pfreimd.de\/\" class=\"more-link\"><span class=\"screen-reader-text\">\u201eHerzlich Willkommen im Meisterbetrieb mit Herz und Verstand seit 1955\u201c<\/span> weiterlesen<\/a><\/p>\n","protected":false},"author":1,"featured_media":0,"parent":0,"menu_order":0,"comment_status":"closed","ping_status":"closed","template":"","meta":{"footnotes":""},"yoast_head":"<!-- This site is optimized with the Yoast SEO plugin v24.5 - https:\/\/yoast.com\/wordpress\/plugins\/seo\/ -->\n<title>Herzlich Willkommen im Meisterbetrieb mit Herz und Verstand seit 1955 - Gefl\u00fcgelzucht Monika Menzl-Hirmer<\/title>\n<meta name=\"description\" content=\"Gefl\u00fcgelzucht Menzl-Hirmer in Pfreimd \u2013 Ihr Spezialist f\u00fcr Lebendgefl\u00fcgel, H\u00fchner, Puten, Enten &amp; G\u00e4nse. Hochwertiges Gefl\u00fcgel, Futtermittel &amp; Hofladen-Produkte im Landkreis Schwandorf, Amberg, Weiden, Neustadt, Neunburg, Regensburg und andere. Jetzt entdecken!\" \/>\n<meta name=\"robots\" content=\"index, follow, max-snippet:-1, max-image-preview:large, max-video-preview:-1\" \/>\n<link rel=\"canonical\" href=\"https:\/\/menzl-hirmer.gefluegel-pfreimd.de\/\" \/>\n<meta property=\"og:locale\" content=\"de_DE\" \/>\n<meta property=\"og:type\" content=\"article\" \/>\n<meta property=\"og:title\" content=\"Herzlich Willkommen im Meisterbetrieb mit Herz und Verstand seit 1955 - Gefl\u00fcgelzucht Monika Menzl-Hirmer\" \/>\n<meta property=\"og:description\" content=\"Gefl\u00fcgelzucht Menzl-Hirmer in Pfreimd \u2013 Ihr Spezialist f\u00fcr Lebendgefl\u00fcgel, H\u00fchner, Puten, Enten &amp; G\u00e4nse. Hochwertiges Gefl\u00fcgel, Futtermittel &amp; Hofladen-Produkte im Landkreis Schwandorf, Amberg, Weiden, Neustadt, Neunburg, Regensburg und andere. Jetzt entdecken!\" \/>\n<meta property=\"og:url\" content=\"https:\/\/menzl-hirmer.gefluegel-pfreimd.de\/\" \/>\n<meta property=\"og:site_name\" content=\"Gefl\u00fcgelzucht Monika Menzl-Hirmer\" \/>\n<meta property=\"article:modified_time\" content=\"2026-04-12T19:37:01+00:00\" \/>\n<meta name=\"twitter:card\" content=\"summary_large_image\" \/>\n<meta name=\"twitter:label1\" content=\"Gesch\u00e4tzte Lesezeit\" \/>\n\t<meta name=\"twitter:data1\" content=\"2\u00a0Minuten\" \/>\n<script type=\"application\/ld+json\" class=\"yoast-schema-graph\">{\"@context\":\"https:\/\/schema.org\",\"@graph\":[{\"@type\":\"WebPage\",\"@id\":\"https:\/\/menzl-hirmer.gefluegel-pfreimd.de\/\",\"url\":\"https:\/\/menzl-hirmer.gefluegel-pfreimd.de\/\",\"name\":\"Herzlich Willkommen im Meisterbetrieb mit Herz und Verstand seit 1955 - Gefl\u00fcgelzucht Monika Menzl-Hirmer\",\"isPartOf\":{\"@id\":\"https:\/\/menzl-hirmer.gefluegel-pfreimd.de\/#website\"},\"datePublished\":\"2018-01-28T20:49:15+00:00\",\"dateModified\":\"2026-04-12T19:37:01+00:00\",\"description\":\"Gefl\u00fcgelzucht Menzl-Hirmer in Pfreimd \u2013 Ihr Spezialist f\u00fcr Lebendgefl\u00fcgel, H\u00fchner, Puten, Enten & G\u00e4nse. Hochwertiges Gefl\u00fcgel, Futtermittel & Hofladen-Produkte im Landkreis Schwandorf, Amberg, Weiden, Neustadt, Neunburg, Regensburg und andere. Jetzt entdecken!\",\"breadcrumb\":{\"@id\":\"https:\/\/menzl-hirmer.gefluegel-pfreimd.de\/#breadcrumb\"},\"inLanguage\":\"de\",\"potentialAction\":[{\"@type\":\"ReadAction\",\"target\":[\"https:\/\/menzl-hirmer.gefluegel-pfreimd.de\/\"]}]},{\"@type\":\"BreadcrumbList\",\"@id\":\"https:\/\/menzl-hirmer.gefluegel-pfreimd.de\/#breadcrumb\",\"itemListElement\":[{\"@type\":\"ListItem\",\"position\":1,\"name\":\"Startseite\",\"item\":\"https:\/\/menzl-hirmer.gefluegel-pfreimd.de\/\"},{\"@type\":\"ListItem\",\"position\":2,\"name\":\"Herzlich Willkommen im Meisterbetrieb mit Herz und Verstand seit 1955\"}]},{\"@type\":\"WebSite\",\"@id\":\"https:\/\/menzl-hirmer.gefluegel-pfreimd.de\/#website\",\"url\":\"https:\/\/menzl-hirmer.gefluegel-pfreimd.de\/\",\"name\":\"Gefl\u00fcgelzucht Monika Menzl-Hirmer\",\"description\":\"Tierwirtschaftsmeisterin\",\"publisher\":{\"@id\":\"https:\/\/menzl-hirmer.gefluegel-pfreimd.de\/#organization\"},\"potentialAction\":[{\"@type\":\"SearchAction\",\"target\":{\"@type\":\"EntryPoint\",\"urlTemplate\":\"https:\/\/menzl-hirmer.gefluegel-pfreimd.de\/?s={search_term_string}\"},\"query-input\":{\"@type\":\"PropertyValueSpecification\",\"valueRequired\":true,\"valueName\":\"search_term_string\"}}],\"inLanguage\":\"de\"},{\"@type\":\"Organization\",\"@id\":\"https:\/\/menzl-hirmer.gefluegel-pfreimd.de\/#organization\",\"name\":\"Gefl\u00fcgelzucht Monika Menzl-Hirmer\",\"alternateName\":\"Gefl\u00fcgelzucht, Schmuckesachen\",\"url\":\"https:\/\/menzl-hirmer.gefluegel-pfreimd.de\/\",\"logo\":{\"@type\":\"ImageObject\",\"inLanguage\":\"de\",\"@id\":\"https:\/\/menzl-hirmer.gefluegel-pfreimd.de\/#\/schema\/logo\/image\/\",\"url\":\"https:\/\/menzl-hirmer.gefluegel-pfreimd.de\/wp-content\/uploads\/2018\/01\/cropped-gefluegel-logo.png\",\"contentUrl\":\"https:\/\/menzl-hirmer.gefluegel-pfreimd.de\/wp-content\/uploads\/2018\/01\/cropped-gefluegel-logo.png\",\"width\":380,\"height\":250,\"caption\":\"Gefl\u00fcgelzucht Monika Menzl-Hirmer\"},\"image\":{\"@id\":\"https:\/\/menzl-hirmer.gefluegel-pfreimd.de\/#\/schema\/logo\/image\/\"},\"sameAs\":[\"https:\/\/wa.me\/message\/7RYL4KQKLYYEN1\"]}]}<\/script>\n<!-- \/ Yoast SEO plugin. -->","yoast_head_json":{"title":"Herzlich Willkommen im Meisterbetrieb mit Herz und Verstand seit 1955 - Gefl\u00fcgelzucht Monika Menzl-Hirmer","description":"Gefl\u00fcgelzucht Menzl-Hirmer in Pfreimd \u2013 Ihr Spezialist f\u00fcr Lebendgefl\u00fcgel, H\u00fchner, Puten, Enten & G\u00e4nse. Hochwertiges Gefl\u00fcgel, Futtermittel & Hofladen-Produkte im Landkreis Schwandorf, Amberg, Weiden, Neustadt, Neunburg, Regensburg und andere. Jetzt entdecken!","robots":{"index":"index","follow":"follow","max-snippet":"max-snippet:-1","max-image-preview":"max-image-preview:large","max-video-preview":"max-video-preview:-1"},"canonical":"https:\/\/menzl-hirmer.gefluegel-pfreimd.de\/","og_locale":"de_DE","og_type":"article","og_title":"Herzlich Willkommen im Meisterbetrieb mit Herz und Verstand seit 1955 - Gefl\u00fcgelzucht Monika Menzl-Hirmer","og_description":"Gefl\u00fcgelzucht Menzl-Hirmer in Pfreimd \u2013 Ihr Spezialist f\u00fcr Lebendgefl\u00fcgel, H\u00fchner, Puten, Enten & G\u00e4nse. Hochwertiges Gefl\u00fcgel, Futtermittel & Hofladen-Produkte im Landkreis Schwandorf, Amberg, Weiden, Neustadt, Neunburg, Regensburg und andere. Jetzt entdecken!","og_url":"https:\/\/menzl-hirmer.gefluegel-pfreimd.de\/","og_site_name":"Gefl\u00fcgelzucht Monika Menzl-Hirmer","article_modified_time":"2026-04-12T19:37:01+00:00","twitter_card":"summary_large_image","twitter_misc":{"Gesch\u00e4tzte Lesezeit":"2\u00a0Minuten"},"schema":{"@context":"https:\/\/schema.org","@graph":[{"@type":"WebPage","@id":"https:\/\/menzl-hirmer.gefluegel-pfreimd.de\/","url":"https:\/\/menzl-hirmer.gefluegel-pfreimd.de\/","name":"Herzlich Willkommen im Meisterbetrieb mit Herz und Verstand seit 1955 - Gefl\u00fcgelzucht Monika Menzl-Hirmer","isPartOf":{"@id":"https:\/\/menzl-hirmer.gefluegel-pfreimd.de\/#website"},"datePublished":"2018-01-28T20:49:15+00:00","dateModified":"2026-04-12T19:37:01+00:00","description":"Gefl\u00fcgelzucht Menzl-Hirmer in Pfreimd \u2013 Ihr Spezialist f\u00fcr Lebendgefl\u00fcgel, H\u00fchner, Puten, Enten & G\u00e4nse. Hochwertiges Gefl\u00fcgel, Futtermittel & Hofladen-Produkte im Landkreis Schwandorf, Amberg, Weiden, Neustadt, Neunburg, Regensburg und andere. Jetzt entdecken!","breadcrumb":{"@id":"https:\/\/menzl-hirmer.gefluegel-pfreimd.de\/#breadcrumb"},"inLanguage":"de","potentialAction":[{"@type":"ReadAction","target":["https:\/\/menzl-hirmer.gefluegel-pfreimd.de\/"]}]},{"@type":"BreadcrumbList","@id":"https:\/\/menzl-hirmer.gefluegel-pfreimd.de\/#breadcrumb","itemListElement":[{"@type":"ListItem","position":1,"name":"Startseite","item":"https:\/\/menzl-hirmer.gefluegel-pfreimd.de\/"},{"@type":"ListItem","position":2,"name":"Herzlich Willkommen im Meisterbetrieb mit Herz und Verstand seit 1955"}]},{"@type":"WebSite","@id":"https:\/\/menzl-hirmer.gefluegel-pfreimd.de\/#website","url":"https:\/\/menzl-hirmer.gefluegel-pfreimd.de\/","name":"Gefl\u00fcgelzucht Monika Menzl-Hirmer","description":"Tierwirtschaftsmeisterin","publisher":{"@id":"https:\/\/menzl-hirmer.gefluegel-pfreimd.de\/#organization"},"potentialAction":[{"@type":"SearchAction","target":{"@type":"EntryPoint","urlTemplate":"https:\/\/menzl-hirmer.gefluegel-pfreimd.de\/?s={search_term_string}"},"query-input":{"@type":"PropertyValueSpecification","valueRequired":true,"valueName":"search_term_string"}}],"inLanguage":"de"},{"@type":"Organization","@id":"https:\/\/menzl-hirmer.gefluegel-pfreimd.de\/#organization","name":"Gefl\u00fcgelzucht Monika Menzl-Hirmer","alternateName":"Gefl\u00fcgelzucht, Schmuckesachen","url":"https:\/\/menzl-hirmer.gefluegel-pfreimd.de\/","logo":{"@type":"ImageObject","inLanguage":"de","@id":"https:\/\/menzl-hirmer.gefluegel-pfreimd.de\/#\/schema\/logo\/image\/","url":"https:\/\/menzl-hirmer.gefluegel-pfreimd.de\/wp-content\/uploads\/2018\/01\/cropped-gefluegel-logo.png","contentUrl":"https:\/\/menzl-hirmer.gefluegel-pfreimd.de\/wp-content\/uploads\/2018\/01\/cropped-gefluegel-logo.png","width":380,"height":250,"caption":"Gefl\u00fcgelzucht Monika Menzl-Hirmer"},"image":{"@id":"https:\/\/menzl-hirmer.gefluegel-pfreimd.de\/#\/schema\/logo\/image\/"},"sameAs":["https:\/\/wa.me\/message\/7RYL4KQKLYYEN1"]}]}},"_links":{"self":[{"href":"https:\/\/menzl-hirmer.gefluegel-pfreimd.de\/index.php?rest_route=\/wp\/v2\/pages\/197"}],"collection":[{"href":"https:\/\/menzl-hirmer.gefluegel-pfreimd.de\/index.php?rest_route=\/wp\/v2\/pages"}],"about":[{"href":"https:\/\/menzl-hirmer.gefluegel-pfreimd.de\/index.php?rest_route=\/wp\/v2\/types\/page"}],"author":[{"embeddable":true,"href":"https:\/\/menzl-hirmer.gefluegel-pfreimd.de\/index.php?rest_route=\/wp\/v2\/users\/1"}],"replies":[{"embeddable":true,"href":"https:\/\/menzl-hirmer.gefluegel-pfreimd.de\/index.php?rest_route=%2Fwp%2Fv2%2Fcomments&post=197"}],"version-history":[{"count":42,"href":"https:\/\/menzl-hirmer.gefluegel-pfreimd.de\/index.php?rest_route=\/wp\/v2\/pages\/197\/revisions"}],"predecessor-version":[{"id":401,"href":"https:\/\/menzl-hirmer.gefluegel-pfreimd.de\/index.php?rest_route=\/wp\/v2\/pages\/197\/revisions\/401"}],"wp:attachment":[{"href":"https:\/\/menzl-hirmer.gefluegel-pfreimd.de\/index.php?rest_route=%2Fwp%2Fv2%2Fmedia&parent=197"}],"curies":[{"name":"wp","href":"https:\/\/api.w.org\/{rel}","templated":true}]}}