{"id":18,"date":"2018-01-28T19:42:35","date_gmt":"2018-01-28T19:42:35","guid":{"rendered":"http:\/\/menzl-hirmer.gefluegel-pfreimd.de\/?page_id=18"},"modified":"2018-01-29T21:29:31","modified_gmt":"2018-01-29T21:29:31","slug":"haus-und-garten-2","status":"publish","type":"page","link":"https:\/\/menzl-hirmer.gefluegel-pfreimd.de\/?page_id=18","title":{"rendered":"Haus und Garten"},"content":{"rendered":"<p><strong>Bei uns bekommen Sie<\/strong><\/p>\n<p><strong>Saatgut<\/strong> der<strong> Firma Kippenkerl<\/strong><\/p>\n<h1 style=\"padding-top: 0px;\"><img loading=\"lazy\" decoding=\"async\" class=\"alignnone size-full wp-image-68\" style=\"font-size: 1rem;\" src=\"https:\/\/menzl-hirmer.gefluegel-pfreimd.de\/wp-content\/uploads\/2018\/01\/kiepen4.gif\" alt=\"\" width=\"191\" height=\"232\" \/><\/h1>\n<p><span style=\"font-size: 1rem;\"><strong>Blumenerde<\/strong> der <strong>Firma H\u00f6fter<\/strong><\/span><span style=\"font-size: 1rem;\"><br \/>\n<span class=\"Menue\">Diese Erden sind ein absolutes\u00a0<\/span>Profiprodukt<span class=\"Menue\">\u00a0und werden in vielen G\u00e4rtnereien eingesetzt.\u00a0<\/span><span class=\"Menue2\">H\u00f6fter-Qualit\u00e4tserden (Blumen-, Kultur-, Geranien-, Pflanz-, K\u00fcbelpflanzen-, Kakteen-, Graberde&#8230;).\u00a0<\/span><span class=\"Menue_topkleiner\">Wo und wann immer Sie diese Produkte einsetzen, k\u00f6nnen Sie sich darauf verlassen, dass die Mischung stimmt. Jahrzehntelange Entwicklung im Bereich Qualit\u00e4tserden, Spezial-Substrate und D\u00fcnger haben zu einer un\u00fcbertroffen guten Qualit\u00e4t gef\u00fchrt. Die Firma H\u00f6fter bietet Ihnen die Zuverl\u00e4ssigkeit und Sicherheit, die Sie bei der Pflege und Kultivierung Ihrer Pflanzen ben\u00f6tigen.<\/span><br \/>\n<\/span><\/p>\n<p><img loading=\"lazy\" decoding=\"async\" class=\"alignnone size-medium wp-image-56\" src=\"https:\/\/menzl-hirmer.gefluegel-pfreimd.de\/wp-content\/uploads\/2018\/01\/hoefter2-194x300.jpg\" alt=\"\" width=\"194\" height=\"300\" srcset=\"https:\/\/menzl-hirmer.gefluegel-pfreimd.de\/wp-content\/uploads\/2018\/01\/hoefter2-194x300.jpg 194w, https:\/\/menzl-hirmer.gefluegel-pfreimd.de\/wp-content\/uploads\/2018\/01\/hoefter2.jpg 217w\" sizes=\"(max-width: 194px) 100vw, 194px\" \/><\/p>\n","protected":false},"excerpt":{"rendered":"<p>Bei uns bekommen Sie Saatgut der Firma Kippenkerl Blumenerde der Firma H\u00f6fter Diese Erden sind ein absolutes\u00a0Profiprodukt\u00a0und werden in vielen G\u00e4rtnereien eingesetzt.\u00a0H\u00f6fter-Qualit\u00e4tserden (Blumen-, Kultur-, Geranien-, Pflanz-, K\u00fcbelpflanzen-, Kakteen-, Graberde&#8230;).\u00a0Wo und wann immer Sie diese Produkte einsetzen, k\u00f6nnen Sie sich darauf verlassen, dass die Mischung stimmt. Jahrzehntelange Entwicklung im Bereich Qualit\u00e4tserden, Spezial-Substrate und D\u00fcnger haben zu &hellip; <\/p>\n<p class=\"link-more\"><a href=\"https:\/\/menzl-hirmer.gefluegel-pfreimd.de\/?page_id=18\" class=\"more-link\"><span class=\"screen-reader-text\">\u201eHaus und Garten\u201c<\/span> weiterlesen<\/a><\/p>\n","protected":false},"author":1,"featured_media":119,"parent":0,"menu_order":0,"comment_status":"closed","ping_status":"closed","template":"","meta":{"footnotes":""},"yoast_head":"<!-- This site is optimized with the Yoast SEO plugin v24.5 - https:\/\/yoast.com\/wordpress\/plugins\/seo\/ -->\n<title>Haus und Garten - Gefl\u00fcgelzucht Monika Menzl-Hirmer<\/title>\n<meta name=\"description\" content=\"Gefl\u00fcgelzucht Monika Menzl-Hirmer\" \/>\n<meta name=\"robots\" content=\"index, follow, max-snippet:-1, max-image-preview:large, max-video-preview:-1\" \/>\n<link rel=\"canonical\" href=\"https:\/\/menzl-hirmer.gefluegel-pfreimd.de\/?page_id=18\" \/>\n<meta property=\"og:locale\" content=\"de_DE\" \/>\n<meta property=\"og:type\" content=\"article\" \/>\n<meta property=\"og:title\" content=\"Haus und Garten - Gefl\u00fcgelzucht Monika Menzl-Hirmer\" \/>\n<meta property=\"og:description\" content=\"Gefl\u00fcgelzucht Monika Menzl-Hirmer\" \/>\n<meta property=\"og:url\" content=\"https:\/\/menzl-hirmer.gefluegel-pfreimd.de\/?page_id=18\" \/>\n<meta property=\"og:site_name\" content=\"Gefl\u00fcgelzucht Monika Menzl-Hirmer\" \/>\n<meta property=\"article:modified_time\" content=\"2018-01-29T21:29:31+00:00\" \/>\n<meta property=\"og:image\" content=\"https:\/\/menzl-hirmer.gefluegel-pfreimd.de\/wp-content\/uploads\/2018\/01\/kiepen_3-1.jpg\" \/>\n\t<meta property=\"og:image:width\" content=\"452\" \/>\n\t<meta property=\"og:image:height\" content=\"600\" \/>\n\t<meta property=\"og:image:type\" content=\"image\/jpeg\" \/>\n<meta name=\"twitter:card\" content=\"summary_large_image\" \/>\n<script type=\"application\/ld+json\" class=\"yoast-schema-graph\">{\"@context\":\"https:\/\/schema.org\",\"@graph\":[{\"@type\":\"WebPage\",\"@id\":\"https:\/\/menzl-hirmer.gefluegel-pfreimd.de\/?page_id=18\",\"url\":\"https:\/\/menzl-hirmer.gefluegel-pfreimd.de\/?page_id=18\",\"name\":\"Haus und Garten - Gefl\u00fcgelzucht Monika Menzl-Hirmer\",\"isPartOf\":{\"@id\":\"https:\/\/menzl-hirmer.gefluegel-pfreimd.de\/#website\"},\"primaryImageOfPage\":{\"@id\":\"https:\/\/menzl-hirmer.gefluegel-pfreimd.de\/?page_id=18#primaryimage\"},\"image\":{\"@id\":\"https:\/\/menzl-hirmer.gefluegel-pfreimd.de\/?page_id=18#primaryimage\"},\"thumbnailUrl\":\"https:\/\/menzl-hirmer.gefluegel-pfreimd.de\/wp-content\/uploads\/2018\/01\/kiepen_3-1.jpg\",\"datePublished\":\"2018-01-28T19:42:35+00:00\",\"dateModified\":\"2018-01-29T21:29:31+00:00\",\"description\":\"Gefl\u00fcgelzucht Monika Menzl-Hirmer\",\"breadcrumb\":{\"@id\":\"https:\/\/menzl-hirmer.gefluegel-pfreimd.de\/?page_id=18#breadcrumb\"},\"inLanguage\":\"de\",\"potentialAction\":[{\"@type\":\"ReadAction\",\"target\":[\"https:\/\/menzl-hirmer.gefluegel-pfreimd.de\/?page_id=18\"]}]},{\"@type\":\"ImageObject\",\"inLanguage\":\"de\",\"@id\":\"https:\/\/menzl-hirmer.gefluegel-pfreimd.de\/?page_id=18#primaryimage\",\"url\":\"https:\/\/menzl-hirmer.gefluegel-pfreimd.de\/wp-content\/uploads\/2018\/01\/kiepen_3-1.jpg\",\"contentUrl\":\"https:\/\/menzl-hirmer.gefluegel-pfreimd.de\/wp-content\/uploads\/2018\/01\/kiepen_3-1.jpg\",\"width\":452,\"height\":600},{\"@type\":\"BreadcrumbList\",\"@id\":\"https:\/\/menzl-hirmer.gefluegel-pfreimd.de\/?page_id=18#breadcrumb\",\"itemListElement\":[{\"@type\":\"ListItem\",\"position\":1,\"name\":\"Startseite\",\"item\":\"https:\/\/menzl-hirmer.gefluegel-pfreimd.de\/\"},{\"@type\":\"ListItem\",\"position\":2,\"name\":\"Haus und Garten\"}]},{\"@type\":\"WebSite\",\"@id\":\"https:\/\/menzl-hirmer.gefluegel-pfreimd.de\/#website\",\"url\":\"https:\/\/menzl-hirmer.gefluegel-pfreimd.de\/\",\"name\":\"Gefl\u00fcgelzucht Monika Menzl-Hirmer\",\"description\":\"Tierwirtschaftsmeisterin\",\"publisher\":{\"@id\":\"https:\/\/menzl-hirmer.gefluegel-pfreimd.de\/#organization\"},\"potentialAction\":[{\"@type\":\"SearchAction\",\"target\":{\"@type\":\"EntryPoint\",\"urlTemplate\":\"https:\/\/menzl-hirmer.gefluegel-pfreimd.de\/?s={search_term_string}\"},\"query-input\":{\"@type\":\"PropertyValueSpecification\",\"valueRequired\":true,\"valueName\":\"search_term_string\"}}],\"inLanguage\":\"de\"},{\"@type\":\"Organization\",\"@id\":\"https:\/\/menzl-hirmer.gefluegel-pfreimd.de\/#organization\",\"name\":\"Gefl\u00fcgelzucht Monika Menzl-Hirmer\",\"alternateName\":\"Gefl\u00fcgelzucht, Schmuckesachen\",\"url\":\"https:\/\/menzl-hirmer.gefluegel-pfreimd.de\/\",\"logo\":{\"@type\":\"ImageObject\",\"inLanguage\":\"de\",\"@id\":\"https:\/\/menzl-hirmer.gefluegel-pfreimd.de\/#\/schema\/logo\/image\/\",\"url\":\"https:\/\/menzl-hirmer.gefluegel-pfreimd.de\/wp-content\/uploads\/2018\/01\/cropped-gefluegel-logo.png\",\"contentUrl\":\"https:\/\/menzl-hirmer.gefluegel-pfreimd.de\/wp-content\/uploads\/2018\/01\/cropped-gefluegel-logo.png\",\"width\":380,\"height\":250,\"caption\":\"Gefl\u00fcgelzucht Monika Menzl-Hirmer\"},\"image\":{\"@id\":\"https:\/\/menzl-hirmer.gefluegel-pfreimd.de\/#\/schema\/logo\/image\/\"},\"sameAs\":[\"https:\/\/wa.me\/message\/7RYL4KQKLYYEN1\"]}]}<\/script>\n<!-- \/ Yoast SEO plugin. -->","yoast_head_json":{"title":"Haus und Garten - Gefl\u00fcgelzucht Monika Menzl-Hirmer","description":"Gefl\u00fcgelzucht Monika Menzl-Hirmer","robots":{"index":"index","follow":"follow","max-snippet":"max-snippet:-1","max-image-preview":"max-image-preview:large","max-video-preview":"max-video-preview:-1"},"canonical":"https:\/\/menzl-hirmer.gefluegel-pfreimd.de\/?page_id=18","og_locale":"de_DE","og_type":"article","og_title":"Haus und Garten - Gefl\u00fcgelzucht Monika Menzl-Hirmer","og_description":"Gefl\u00fcgelzucht Monika Menzl-Hirmer","og_url":"https:\/\/menzl-hirmer.gefluegel-pfreimd.de\/?page_id=18","og_site_name":"Gefl\u00fcgelzucht Monika Menzl-Hirmer","article_modified_time":"2018-01-29T21:29:31+00:00","og_image":[{"width":452,"height":600,"url":"https:\/\/menzl-hirmer.gefluegel-pfreimd.de\/wp-content\/uploads\/2018\/01\/kiepen_3-1.jpg","type":"image\/jpeg"}],"twitter_card":"summary_large_image","schema":{"@context":"https:\/\/schema.org","@graph":[{"@type":"WebPage","@id":"https:\/\/menzl-hirmer.gefluegel-pfreimd.de\/?page_id=18","url":"https:\/\/menzl-hirmer.gefluegel-pfreimd.de\/?page_id=18","name":"Haus und Garten - Gefl\u00fcgelzucht Monika Menzl-Hirmer","isPartOf":{"@id":"https:\/\/menzl-hirmer.gefluegel-pfreimd.de\/#website"},"primaryImageOfPage":{"@id":"https:\/\/menzl-hirmer.gefluegel-pfreimd.de\/?page_id=18#primaryimage"},"image":{"@id":"https:\/\/menzl-hirmer.gefluegel-pfreimd.de\/?page_id=18#primaryimage"},"thumbnailUrl":"https:\/\/menzl-hirmer.gefluegel-pfreimd.de\/wp-content\/uploads\/2018\/01\/kiepen_3-1.jpg","datePublished":"2018-01-28T19:42:35+00:00","dateModified":"2018-01-29T21:29:31+00:00","description":"Gefl\u00fcgelzucht Monika Menzl-Hirmer","breadcrumb":{"@id":"https:\/\/menzl-hirmer.gefluegel-pfreimd.de\/?page_id=18#breadcrumb"},"inLanguage":"de","potentialAction":[{"@type":"ReadAction","target":["https:\/\/menzl-hirmer.gefluegel-pfreimd.de\/?page_id=18"]}]},{"@type":"ImageObject","inLanguage":"de","@id":"https:\/\/menzl-hirmer.gefluegel-pfreimd.de\/?page_id=18#primaryimage","url":"https:\/\/menzl-hirmer.gefluegel-pfreimd.de\/wp-content\/uploads\/2018\/01\/kiepen_3-1.jpg","contentUrl":"https:\/\/menzl-hirmer.gefluegel-pfreimd.de\/wp-content\/uploads\/2018\/01\/kiepen_3-1.jpg","width":452,"height":600},{"@type":"BreadcrumbList","@id":"https:\/\/menzl-hirmer.gefluegel-pfreimd.de\/?page_id=18#breadcrumb","itemListElement":[{"@type":"ListItem","position":1,"name":"Startseite","item":"https:\/\/menzl-hirmer.gefluegel-pfreimd.de\/"},{"@type":"ListItem","position":2,"name":"Haus und Garten"}]},{"@type":"WebSite","@id":"https:\/\/menzl-hirmer.gefluegel-pfreimd.de\/#website","url":"https:\/\/menzl-hirmer.gefluegel-pfreimd.de\/","name":"Gefl\u00fcgelzucht Monika Menzl-Hirmer","description":"Tierwirtschaftsmeisterin","publisher":{"@id":"https:\/\/menzl-hirmer.gefluegel-pfreimd.de\/#organization"},"potentialAction":[{"@type":"SearchAction","target":{"@type":"EntryPoint","urlTemplate":"https:\/\/menzl-hirmer.gefluegel-pfreimd.de\/?s={search_term_string}"},"query-input":{"@type":"PropertyValueSpecification","valueRequired":true,"valueName":"search_term_string"}}],"inLanguage":"de"},{"@type":"Organization","@id":"https:\/\/menzl-hirmer.gefluegel-pfreimd.de\/#organization","name":"Gefl\u00fcgelzucht Monika Menzl-Hirmer","alternateName":"Gefl\u00fcgelzucht, Schmuckesachen","url":"https:\/\/menzl-hirmer.gefluegel-pfreimd.de\/","logo":{"@type":"ImageObject","inLanguage":"de","@id":"https:\/\/menzl-hirmer.gefluegel-pfreimd.de\/#\/schema\/logo\/image\/","url":"https:\/\/menzl-hirmer.gefluegel-pfreimd.de\/wp-content\/uploads\/2018\/01\/cropped-gefluegel-logo.png","contentUrl":"https:\/\/menzl-hirmer.gefluegel-pfreimd.de\/wp-content\/uploads\/2018\/01\/cropped-gefluegel-logo.png","width":380,"height":250,"caption":"Gefl\u00fcgelzucht Monika Menzl-Hirmer"},"image":{"@id":"https:\/\/menzl-hirmer.gefluegel-pfreimd.de\/#\/schema\/logo\/image\/"},"sameAs":["https:\/\/wa.me\/message\/7RYL4KQKLYYEN1"]}]}},"_links":{"self":[{"href":"https:\/\/menzl-hirmer.gefluegel-pfreimd.de\/index.php?rest_route=\/wp\/v2\/pages\/18"}],"collection":[{"href":"https:\/\/menzl-hirmer.gefluegel-pfreimd.de\/index.php?rest_route=\/wp\/v2\/pages"}],"about":[{"href":"https:\/\/menzl-hirmer.gefluegel-pfreimd.de\/index.php?rest_route=\/wp\/v2\/types\/page"}],"author":[{"embeddable":true,"href":"https:\/\/menzl-hirmer.gefluegel-pfreimd.de\/index.php?rest_route=\/wp\/v2\/users\/1"}],"replies":[{"embeddable":true,"href":"https:\/\/menzl-hirmer.gefluegel-pfreimd.de\/index.php?rest_route=%2Fwp%2Fv2%2Fcomments&post=18"}],"version-history":[{"count":8,"href":"https:\/\/menzl-hirmer.gefluegel-pfreimd.de\/index.php?rest_route=\/wp\/v2\/pages\/18\/revisions"}],"predecessor-version":[{"id":273,"href":"https:\/\/menzl-hirmer.gefluegel-pfreimd.de\/index.php?rest_route=\/wp\/v2\/pages\/18\/revisions\/273"}],"wp:featuredmedia":[{"embeddable":true,"href":"https:\/\/menzl-hirmer.gefluegel-pfreimd.de\/index.php?rest_route=\/wp\/v2\/media\/119"}],"wp:attachment":[{"href":"https:\/\/menzl-hirmer.gefluegel-pfreimd.de\/index.php?rest_route=%2Fwp%2Fv2%2Fmedia&parent=18"}],"curies":[{"name":"wp","href":"https:\/\/api.w.org\/{rel}","templated":true}]}}