{"id":11,"date":"2018-01-28T19:41:16","date_gmt":"2018-01-28T19:41:16","guid":{"rendered":"http:\/\/menzl-hirmer.gefluegel-pfreimd.de\/?page_id=11"},"modified":"2026-04-12T19:46:10","modified_gmt":"2026-04-12T19:46:10","slug":"futtermittel","status":"publish","type":"page","link":"https:\/\/menzl-hirmer.gefluegel-pfreimd.de\/?page_id=11","title":{"rendered":"Geschichte"},"content":{"rendered":"<p><span class=\"Menue_topkleiner\">Unser Betrieb wurde 1955 gegr\u00fcndet und in die Betriebszweige Elterntierhaltung mit Br\u00fcterei und Aufzucht von Wirtschaftsgefl\u00fcgel aufgeteilt. 1988 \u00fcbernahm ich den Betrieb von meinen Eltern und es wurde um die Bereiche Futtermittelhandel, Gefl\u00fcgelzubeh\u00f6r und Spezialgefl\u00fcgel (z.B. Wachteln, Perlh\u00fchner) erweitert. Im Laufe der Zeit wurde st\u00e4ndig die Produktpalette im Hofladen erweitert . Um eine bestm\u00f6gliche Haltung der Tiere und Beratung unserer Kunden zu gew\u00e4hrleisten, erlernte ich zuerst den Beruf Tierwirtin, Schwerpunkt Gefl\u00fcgelhaltung. Im Jahre 1994 legte ich die Pr\u00fcfung zur Tierwirtschaftsmeisterin (Gefl\u00fcgel) ab. F\u00fcr meine <\/span><span class=\"Menue2\">Meisterarbeit <\/span><span class=\"Menue_topkleiner\">und meine hervorragenden Pr\u00fcfungsergebnisse (Jahrgangsbeste 1994) wurde ich von der deutschen Gruppe der WPSA (Weltvereinigung der Gefl\u00fcgelwissenschaft) mit einem Ehrenpreis ausgezeichnet. Ich hoffe, das wir Sie bald zu unserem Kundenkreis z\u00e4hlen k\u00f6nnen und bedanke mich recht herzlichst f\u00fcr Ihr Interesse an unserem Betrieb.<\/span><\/p>\n<p><strong>Elternhaus fr\u00fcher<\/strong><\/p>\n<p><img loading=\"lazy\" decoding=\"async\" class=\"alignnone size-medium wp-image-188\" src=\"https:\/\/menzl-hirmer.gefluegel-pfreimd.de\/wp-content\/uploads\/2018\/01\/haus_alt-1-224x300.jpg\" alt=\"\" width=\"224\" height=\"300\" srcset=\"https:\/\/menzl-hirmer.gefluegel-pfreimd.de\/wp-content\/uploads\/2018\/01\/haus_alt-1-224x300.jpg 224w, https:\/\/menzl-hirmer.gefluegel-pfreimd.de\/wp-content\/uploads\/2018\/01\/haus_alt-1.jpg 448w\" sizes=\"(max-width: 224px) 100vw, 224px\" \/><\/p>\n<p><strong>Elternhaus heute<\/strong><br \/>\n<img loading=\"lazy\" decoding=\"async\" class=\"alignnone size-medium wp-image-182\" src=\"https:\/\/menzl-hirmer.gefluegel-pfreimd.de\/wp-content\/uploads\/2018\/01\/geschaeft-1-300x178.jpg\" alt=\"\" width=\"300\" height=\"178\" srcset=\"https:\/\/menzl-hirmer.gefluegel-pfreimd.de\/wp-content\/uploads\/2018\/01\/geschaeft-1-300x178.jpg 300w, https:\/\/menzl-hirmer.gefluegel-pfreimd.de\/wp-content\/uploads\/2018\/01\/geschaeft-1.jpg 600w\" sizes=\"(max-width: 300px) 100vw, 300px\" \/><\/p>\n<p><strong>Ablegestall f\u00fcr die\u00a0<span class=\"Menue2\">t\u00e4glich frischen Eier<\/span><\/strong><br \/>\n<img loading=\"lazy\" decoding=\"async\" class=\"alignnone size-full wp-image-144\" src=\"https:\/\/menzl-hirmer.gefluegel-pfreimd.de\/wp-content\/uploads\/2018\/01\/stall1_klein-1.jpg\" alt=\"\" width=\"235\" height=\"124\" \/><\/p>\n","protected":false},"excerpt":{"rendered":"<p>Unser Betrieb wurde 1955 gegr\u00fcndet und in die Betriebszweige Elterntierhaltung mit Br\u00fcterei und Aufzucht von Wirtschaftsgefl\u00fcgel aufgeteilt. 1988 \u00fcbernahm ich den Betrieb von meinen Eltern und es wurde um die Bereiche Futtermittelhandel, Gefl\u00fcgelzubeh\u00f6r und Spezialgefl\u00fcgel (z.B. Wachteln, Perlh\u00fchner) erweitert. Im Laufe der Zeit wurde st\u00e4ndig die Produktpalette im Hofladen erweitert . Um eine bestm\u00f6gliche Haltung &hellip; <\/p>\n<p class=\"link-more\"><a href=\"https:\/\/menzl-hirmer.gefluegel-pfreimd.de\/?page_id=11\" class=\"more-link\"><span class=\"screen-reader-text\">\u201eGeschichte\u201c<\/span> weiterlesen<\/a><\/p>\n","protected":false},"author":1,"featured_media":187,"parent":0,"menu_order":0,"comment_status":"closed","ping_status":"closed","template":"","meta":{"footnotes":""},"yoast_head":"<!-- This site is optimized with the Yoast SEO plugin v24.5 - https:\/\/yoast.com\/wordpress\/plugins\/seo\/ -->\n<title>Geschichte - Gefl\u00fcgelzucht Monika Menzl-Hirmer<\/title>\n<meta name=\"description\" content=\"Gefl\u00fcgelzucht Monika Menzl-Hirmer\" \/>\n<meta name=\"robots\" content=\"index, follow, max-snippet:-1, max-image-preview:large, max-video-preview:-1\" \/>\n<link rel=\"canonical\" href=\"https:\/\/menzl-hirmer.gefluegel-pfreimd.de\/?page_id=11\" \/>\n<meta property=\"og:locale\" content=\"de_DE\" \/>\n<meta property=\"og:type\" content=\"article\" \/>\n<meta property=\"og:title\" content=\"Geschichte - Gefl\u00fcgelzucht Monika Menzl-Hirmer\" \/>\n<meta property=\"og:description\" content=\"Gefl\u00fcgelzucht Monika Menzl-Hirmer\" \/>\n<meta property=\"og:url\" content=\"https:\/\/menzl-hirmer.gefluegel-pfreimd.de\/?page_id=11\" \/>\n<meta property=\"og:site_name\" content=\"Gefl\u00fcgelzucht Monika Menzl-Hirmer\" \/>\n<meta property=\"article:modified_time\" content=\"2026-04-12T19:46:10+00:00\" \/>\n<meta property=\"og:image\" content=\"https:\/\/menzl-hirmer.gefluegel-pfreimd.de\/wp-content\/uploads\/2018\/01\/haus-1.jpg\" \/>\n\t<meta property=\"og:image:width\" content=\"400\" \/>\n\t<meta property=\"og:image:height\" content=\"269\" \/>\n\t<meta property=\"og:image:type\" content=\"image\/jpeg\" \/>\n<meta name=\"twitter:card\" content=\"summary_large_image\" \/>\n<meta name=\"twitter:label1\" content=\"Gesch\u00e4tzte Lesezeit\" \/>\n\t<meta name=\"twitter:data1\" content=\"2\u00a0Minuten\" \/>\n<script type=\"application\/ld+json\" class=\"yoast-schema-graph\">{\"@context\":\"https:\/\/schema.org\",\"@graph\":[{\"@type\":\"WebPage\",\"@id\":\"https:\/\/menzl-hirmer.gefluegel-pfreimd.de\/?page_id=11\",\"url\":\"https:\/\/menzl-hirmer.gefluegel-pfreimd.de\/?page_id=11\",\"name\":\"Geschichte - Gefl\u00fcgelzucht Monika Menzl-Hirmer\",\"isPartOf\":{\"@id\":\"https:\/\/menzl-hirmer.gefluegel-pfreimd.de\/#website\"},\"primaryImageOfPage\":{\"@id\":\"https:\/\/menzl-hirmer.gefluegel-pfreimd.de\/?page_id=11#primaryimage\"},\"image\":{\"@id\":\"https:\/\/menzl-hirmer.gefluegel-pfreimd.de\/?page_id=11#primaryimage\"},\"thumbnailUrl\":\"https:\/\/menzl-hirmer.gefluegel-pfreimd.de\/wp-content\/uploads\/2018\/01\/haus-1.jpg\",\"datePublished\":\"2018-01-28T19:41:16+00:00\",\"dateModified\":\"2026-04-12T19:46:10+00:00\",\"description\":\"Gefl\u00fcgelzucht Monika Menzl-Hirmer\",\"breadcrumb\":{\"@id\":\"https:\/\/menzl-hirmer.gefluegel-pfreimd.de\/?page_id=11#breadcrumb\"},\"inLanguage\":\"de\",\"potentialAction\":[{\"@type\":\"ReadAction\",\"target\":[\"https:\/\/menzl-hirmer.gefluegel-pfreimd.de\/?page_id=11\"]}]},{\"@type\":\"ImageObject\",\"inLanguage\":\"de\",\"@id\":\"https:\/\/menzl-hirmer.gefluegel-pfreimd.de\/?page_id=11#primaryimage\",\"url\":\"https:\/\/menzl-hirmer.gefluegel-pfreimd.de\/wp-content\/uploads\/2018\/01\/haus-1.jpg\",\"contentUrl\":\"https:\/\/menzl-hirmer.gefluegel-pfreimd.de\/wp-content\/uploads\/2018\/01\/haus-1.jpg\",\"width\":400,\"height\":269},{\"@type\":\"BreadcrumbList\",\"@id\":\"https:\/\/menzl-hirmer.gefluegel-pfreimd.de\/?page_id=11#breadcrumb\",\"itemListElement\":[{\"@type\":\"ListItem\",\"position\":1,\"name\":\"Startseite\",\"item\":\"https:\/\/menzl-hirmer.gefluegel-pfreimd.de\/\"},{\"@type\":\"ListItem\",\"position\":2,\"name\":\"Geschichte\"}]},{\"@type\":\"WebSite\",\"@id\":\"https:\/\/menzl-hirmer.gefluegel-pfreimd.de\/#website\",\"url\":\"https:\/\/menzl-hirmer.gefluegel-pfreimd.de\/\",\"name\":\"Gefl\u00fcgelzucht Monika Menzl-Hirmer\",\"description\":\"Tierwirtschaftsmeisterin\",\"publisher\":{\"@id\":\"https:\/\/menzl-hirmer.gefluegel-pfreimd.de\/#organization\"},\"potentialAction\":[{\"@type\":\"SearchAction\",\"target\":{\"@type\":\"EntryPoint\",\"urlTemplate\":\"https:\/\/menzl-hirmer.gefluegel-pfreimd.de\/?s={search_term_string}\"},\"query-input\":{\"@type\":\"PropertyValueSpecification\",\"valueRequired\":true,\"valueName\":\"search_term_string\"}}],\"inLanguage\":\"de\"},{\"@type\":\"Organization\",\"@id\":\"https:\/\/menzl-hirmer.gefluegel-pfreimd.de\/#organization\",\"name\":\"Gefl\u00fcgelzucht Monika Menzl-Hirmer\",\"alternateName\":\"Gefl\u00fcgelzucht, Schmuckesachen\",\"url\":\"https:\/\/menzl-hirmer.gefluegel-pfreimd.de\/\",\"logo\":{\"@type\":\"ImageObject\",\"inLanguage\":\"de\",\"@id\":\"https:\/\/menzl-hirmer.gefluegel-pfreimd.de\/#\/schema\/logo\/image\/\",\"url\":\"https:\/\/menzl-hirmer.gefluegel-pfreimd.de\/wp-content\/uploads\/2018\/01\/cropped-gefluegel-logo.png\",\"contentUrl\":\"https:\/\/menzl-hirmer.gefluegel-pfreimd.de\/wp-content\/uploads\/2018\/01\/cropped-gefluegel-logo.png\",\"width\":380,\"height\":250,\"caption\":\"Gefl\u00fcgelzucht Monika Menzl-Hirmer\"},\"image\":{\"@id\":\"https:\/\/menzl-hirmer.gefluegel-pfreimd.de\/#\/schema\/logo\/image\/\"},\"sameAs\":[\"https:\/\/wa.me\/message\/7RYL4KQKLYYEN1\"]}]}<\/script>\n<!-- \/ Yoast SEO plugin. -->","yoast_head_json":{"title":"Geschichte - Gefl\u00fcgelzucht Monika Menzl-Hirmer","description":"Gefl\u00fcgelzucht Monika Menzl-Hirmer","robots":{"index":"index","follow":"follow","max-snippet":"max-snippet:-1","max-image-preview":"max-image-preview:large","max-video-preview":"max-video-preview:-1"},"canonical":"https:\/\/menzl-hirmer.gefluegel-pfreimd.de\/?page_id=11","og_locale":"de_DE","og_type":"article","og_title":"Geschichte - Gefl\u00fcgelzucht Monika Menzl-Hirmer","og_description":"Gefl\u00fcgelzucht Monika Menzl-Hirmer","og_url":"https:\/\/menzl-hirmer.gefluegel-pfreimd.de\/?page_id=11","og_site_name":"Gefl\u00fcgelzucht Monika Menzl-Hirmer","article_modified_time":"2026-04-12T19:46:10+00:00","og_image":[{"width":400,"height":269,"url":"https:\/\/menzl-hirmer.gefluegel-pfreimd.de\/wp-content\/uploads\/2018\/01\/haus-1.jpg","type":"image\/jpeg"}],"twitter_card":"summary_large_image","twitter_misc":{"Gesch\u00e4tzte Lesezeit":"2\u00a0Minuten"},"schema":{"@context":"https:\/\/schema.org","@graph":[{"@type":"WebPage","@id":"https:\/\/menzl-hirmer.gefluegel-pfreimd.de\/?page_id=11","url":"https:\/\/menzl-hirmer.gefluegel-pfreimd.de\/?page_id=11","name":"Geschichte - Gefl\u00fcgelzucht Monika Menzl-Hirmer","isPartOf":{"@id":"https:\/\/menzl-hirmer.gefluegel-pfreimd.de\/#website"},"primaryImageOfPage":{"@id":"https:\/\/menzl-hirmer.gefluegel-pfreimd.de\/?page_id=11#primaryimage"},"image":{"@id":"https:\/\/menzl-hirmer.gefluegel-pfreimd.de\/?page_id=11#primaryimage"},"thumbnailUrl":"https:\/\/menzl-hirmer.gefluegel-pfreimd.de\/wp-content\/uploads\/2018\/01\/haus-1.jpg","datePublished":"2018-01-28T19:41:16+00:00","dateModified":"2026-04-12T19:46:10+00:00","description":"Gefl\u00fcgelzucht Monika Menzl-Hirmer","breadcrumb":{"@id":"https:\/\/menzl-hirmer.gefluegel-pfreimd.de\/?page_id=11#breadcrumb"},"inLanguage":"de","potentialAction":[{"@type":"ReadAction","target":["https:\/\/menzl-hirmer.gefluegel-pfreimd.de\/?page_id=11"]}]},{"@type":"ImageObject","inLanguage":"de","@id":"https:\/\/menzl-hirmer.gefluegel-pfreimd.de\/?page_id=11#primaryimage","url":"https:\/\/menzl-hirmer.gefluegel-pfreimd.de\/wp-content\/uploads\/2018\/01\/haus-1.jpg","contentUrl":"https:\/\/menzl-hirmer.gefluegel-pfreimd.de\/wp-content\/uploads\/2018\/01\/haus-1.jpg","width":400,"height":269},{"@type":"BreadcrumbList","@id":"https:\/\/menzl-hirmer.gefluegel-pfreimd.de\/?page_id=11#breadcrumb","itemListElement":[{"@type":"ListItem","position":1,"name":"Startseite","item":"https:\/\/menzl-hirmer.gefluegel-pfreimd.de\/"},{"@type":"ListItem","position":2,"name":"Geschichte"}]},{"@type":"WebSite","@id":"https:\/\/menzl-hirmer.gefluegel-pfreimd.de\/#website","url":"https:\/\/menzl-hirmer.gefluegel-pfreimd.de\/","name":"Gefl\u00fcgelzucht Monika Menzl-Hirmer","description":"Tierwirtschaftsmeisterin","publisher":{"@id":"https:\/\/menzl-hirmer.gefluegel-pfreimd.de\/#organization"},"potentialAction":[{"@type":"SearchAction","target":{"@type":"EntryPoint","urlTemplate":"https:\/\/menzl-hirmer.gefluegel-pfreimd.de\/?s={search_term_string}"},"query-input":{"@type":"PropertyValueSpecification","valueRequired":true,"valueName":"search_term_string"}}],"inLanguage":"de"},{"@type":"Organization","@id":"https:\/\/menzl-hirmer.gefluegel-pfreimd.de\/#organization","name":"Gefl\u00fcgelzucht Monika Menzl-Hirmer","alternateName":"Gefl\u00fcgelzucht, Schmuckesachen","url":"https:\/\/menzl-hirmer.gefluegel-pfreimd.de\/","logo":{"@type":"ImageObject","inLanguage":"de","@id":"https:\/\/menzl-hirmer.gefluegel-pfreimd.de\/#\/schema\/logo\/image\/","url":"https:\/\/menzl-hirmer.gefluegel-pfreimd.de\/wp-content\/uploads\/2018\/01\/cropped-gefluegel-logo.png","contentUrl":"https:\/\/menzl-hirmer.gefluegel-pfreimd.de\/wp-content\/uploads\/2018\/01\/cropped-gefluegel-logo.png","width":380,"height":250,"caption":"Gefl\u00fcgelzucht Monika Menzl-Hirmer"},"image":{"@id":"https:\/\/menzl-hirmer.gefluegel-pfreimd.de\/#\/schema\/logo\/image\/"},"sameAs":["https:\/\/wa.me\/message\/7RYL4KQKLYYEN1"]}]}},"_links":{"self":[{"href":"https:\/\/menzl-hirmer.gefluegel-pfreimd.de\/index.php?rest_route=\/wp\/v2\/pages\/11"}],"collection":[{"href":"https:\/\/menzl-hirmer.gefluegel-pfreimd.de\/index.php?rest_route=\/wp\/v2\/pages"}],"about":[{"href":"https:\/\/menzl-hirmer.gefluegel-pfreimd.de\/index.php?rest_route=\/wp\/v2\/types\/page"}],"author":[{"embeddable":true,"href":"https:\/\/menzl-hirmer.gefluegel-pfreimd.de\/index.php?rest_route=\/wp\/v2\/users\/1"}],"replies":[{"embeddable":true,"href":"https:\/\/menzl-hirmer.gefluegel-pfreimd.de\/index.php?rest_route=%2Fwp%2Fv2%2Fcomments&post=11"}],"version-history":[{"count":10,"href":"https:\/\/menzl-hirmer.gefluegel-pfreimd.de\/index.php?rest_route=\/wp\/v2\/pages\/11\/revisions"}],"predecessor-version":[{"id":407,"href":"https:\/\/menzl-hirmer.gefluegel-pfreimd.de\/index.php?rest_route=\/wp\/v2\/pages\/11\/revisions\/407"}],"wp:featuredmedia":[{"embeddable":true,"href":"https:\/\/menzl-hirmer.gefluegel-pfreimd.de\/index.php?rest_route=\/wp\/v2\/media\/187"}],"wp:attachment":[{"href":"https:\/\/menzl-hirmer.gefluegel-pfreimd.de\/index.php?rest_route=%2Fwp%2Fv2%2Fmedia&parent=11"}],"curies":[{"name":"wp","href":"https:\/\/api.w.org\/{rel}","templated":true}]}}